{"id":2272,"date":"2023-07-06T08:13:53","date_gmt":"2023-07-06T08:13:53","guid":{"rendered":"https:\/\/vilutra.com.tr\/?page_id=2272"},"modified":"2023-07-11T07:30:40","modified_gmt":"2023-07-11T07:30:40","slug":"kvkk-aydinlatma-metni","status":"publish","type":"page","link":"https:\/\/vilutra.com.tr\/tr\/kvkk-aydinlatma-metni\/","title":{"rendered":"KVKK Ayd\u0131nlatma Metni"},"content":{"rendered":"\t\t<div data-elementor-type=\"wp-page\" data-elementor-id=\"2272\" class=\"elementor elementor-2272\" data-elementor-post-type=\"page\">\n\t\t\t\t\t\t<section class=\"elementor-section elementor-top-section elementor-element elementor-element-96cd626 elementor-section-boxed elementor-section-height-default elementor-section-height-default\" data-id=\"96cd626\" data-element_type=\"section\">\n\t\t\t\t\t\t<div class=\"elementor-container elementor-column-gap-default\">\n\t\t\t\t\t<div class=\"elementor-column elementor-col-100 elementor-top-column elementor-element elementor-element-03a4126\" data-id=\"03a4126\" data-element_type=\"column\">\n\t\t\t<div class=\"elementor-widget-wrap elementor-element-populated\">\n\t\t\t\t\t\t<section class=\"elementor-section elementor-inner-section elementor-element elementor-element-9ba4fe1 elementor-section-boxed elementor-section-height-default elementor-section-height-default\" data-id=\"9ba4fe1\" data-element_type=\"section\">\n\t\t\t\t\t\t<div class=\"elementor-container elementor-column-gap-default\">\n\t\t\t\t\t<div class=\"elementor-column elementor-col-100 elementor-inner-column elementor-element elementor-element-36368b5\" data-id=\"36368b5\" data-element_type=\"column\">\n\t\t\t<div class=\"elementor-widget-wrap elementor-element-populated\">\n\t\t\t\t\t\t<div class=\"elementor-element elementor-element-a059fc1 elementor-widget elementor-widget-heading\" data-id=\"a059fc1\" data-element_type=\"widget\" data-widget_type=\"heading.default\">\n\t\t\t\t<div class=\"elementor-widget-container\">\n\t\t\t\t\t<h2 class=\"elementor-heading-title elementor-size-default\">KVKK Ayd\u0131nlatma Metni<\/h2>\t\t\t\t<\/div>\n\t\t\t\t<\/div>\n\t\t\t\t\t<\/div>\n\t\t<\/div>\n\t\t\t\t\t<\/div>\n\t\t<\/section>\n\t\t\t\t<div class=\"elementor-element elementor-element-3cdde15 elementor-widget elementor-widget-text-editor\" data-id=\"3cdde15\" data-element_type=\"widget\" data-widget_type=\"text-editor.default\">\n\t\t\t\t<div class=\"elementor-widget-container\">\n\t\t\t\t\t\t\t\t\t<p><strong>Ki\u015fisel Verilerin Korunmas\u0131 Kanunu Ayd\u0131nlatma Metni<\/strong><\/p><p>Vilutra Teknoloji A.\u015e. (\u201c\u015eirket\u201d) b\u00fcnyesinde bulunan \u015fahs\u0131ma ait her t\u00fcrl\u00fc ki\u015fisel verinin 6698 say\u0131l\u0131 Ki\u015fisel Verilerin Korunmas\u0131 Kanunu ve sair mevzuat kapsam\u0131nda \u00f6ng\u00f6r\u00fclen d\u00fczenlemelere tabi oldu\u011funu ve bu hususta \u015firket\u2019in taraf\u0131ma ilgili kanun ve sair mevzuat kapsam\u0131ndaki haklar\u0131mla ilgili olarak tam ve a\u00e7\u0131k bir bilgilendirme<br \/>yapt\u0131\u011f\u0131n\u0131 kabul ve beyan ederim. \u0130lgili bilgilendirme kapsam\u0131nda, \u015eirket mevzuat kapsam\u0131nda veri g\u00fcvenli\u011fine ili\u015fkin y\u00fck\u00fcml\u00fcl\u00fcklerini tam ve eksiksiz olarak yerine getirece\u011fimi taahh\u00fct eder, buna istinaden ki\u015fisel verilerimin kanuna ayk\u0131r\u0131 olarak i\u015flenmesi ve ele ge\u00e7irilmesi sebebiyle zarara u\u011framam h\u00e2linde zarar\u0131n giderilmesini talep etme hakk\u0131m\u0131 sakl\u0131 tutar\u0131m.<\/p><p>\u015eahs\u0131ma ait ki\u015fisel veriler \u015eirket taraf\u0131ndan kart program\u0131 y\u00f6ntemleri ile toplanmaktad\u0131r. \u015eirket taraf\u0131ndan s\u00f6z konusu ki\u015fisel verilerim kampanyalardan yararland\u0131rmak ama\u00e7lar\u0131yla i\u015flenmektedir, 5 sene s\u00fcre ile \u015firket veritaban\u0131nda saklanmakta ve tedarik\u00e7i firmalarla, resmi mercilerle ve i\u015f ortaklar\u0131m\u0131zla payla\u015f\u0131lmaktad\u0131r.<\/p><p>\u0130\u015fbu muvafakatname, ki\u015fisel verilerimin i\u015flenmesine, saklanmas\u0131na ve yurti\u00e7i veya yurtd\u0131\u015f\u0131na aktar\u0131lmas\u0131na ili\u015fkin a\u00e7\u0131k r\u0131zam\u0131 i\u00e7ermektedir.<\/p><p>\u015eirket taraf\u0131ndan <a href=\"http:\/\/www.vilutra.com\/\">www.vilutra.com<\/a> web sayfas\u0131nda yay\u0131nlanan Ki\u015fisel Verilerin Korunmas\u0131 ve \u0130\u015flenmesi Politikalar\u0131na uygun olarak ve yukar\u0131daki Ayd\u0131nlatma Metni kapsam\u0131nda, taraf\u0131ma ait olan ki\u015fisel verilerimin, m\u00fc\u015fteri bilgilerimin ve \u00f6zel nitelikli ki\u015fisel verilerimin, hem mevcut hem de yeni hizmetlerin be\u011feni, kullan\u0131m al\u0131\u015fkanl\u0131klar\u0131 ve ihtiya\u00e7lar\u0131na g\u00f6re \u00f6zelle\u015ftirilerek taraf\u0131ma \u00f6nerilmesi, \u00f6zel sat\u0131\u015f ve pazarlama faaliyetlerinin planlanmas\u0131 ve ger\u00e7ekle\u015ftirilmesi, m\u00fc\u015fteri ili\u015fkilerinin y\u00fcr\u00fct\u00fclmesi ve icras\u0131, talep ve\/veya \u015fikayetlerin takibi, pazar ara\u015ft\u0131rmalar\u0131n\u0131n yap\u0131lmas\u0131, \u00fcr\u00fcn ve hizmetlere ba\u011fl\u0131l\u0131\u011f\u0131n sa\u011flanmas\u0131 ve\/veya art\u0131r\u0131lmas\u0131na y\u00f6nelik aktivitelerin planlanmas\u0131 ve d\u00fczenlenmesi gibi sat\u0131\u015f ve pazarlama faaliyetleri amac\u0131yla i\u015flenmesini ve taraf\u0131mca aksi \u00f6ng\u00f6r\u00fclene kadar muhafaza edilmesini onayl\u0131yorum.<\/p>\t\t\t\t\t\t\t\t<\/div>\n\t\t\t\t<\/div>\n\t\t\t\t\t<\/div>\n\t\t<\/div>\n\t\t\t\t\t<\/div>\n\t\t<\/section>\n\t\t\t\t<\/div>\n\t\t","protected":false},"excerpt":{"rendered":"<p>Ki\u015fisel Verilerin Korunmas\u0131 Kanunu Ayd\u0131nlatma Metni Vilutra Teknoloji A.\u015e. (\u201c\u015eirket\u201d) b\u00fcnyesinde bulunan \u015fahs\u0131ma ait her t\u00fcrl\u00fc ki\u015fisel verinin 6698 say\u0131l\u0131 Ki\u015fisel Verilerin Korunmas\u0131 Kanunu ve sair mevzuat kapsam\u0131nda \u00f6ng\u00f6r\u00fclen d\u00fczenlemelere tabi oldu\u011funu ve bu hususta \u015firket\u2019in taraf\u0131ma ilgili kanun ve sair mevzuat kapsam\u0131ndaki haklar\u0131mla ilgili olarak tam ve a\u00e7\u0131k bir bilgilendirmeyapt\u0131\u011f\u0131n\u0131 kabul ve beyan ederim. [&hellip;]<\/p>\n","protected":false},"author":1,"featured_media":0,"parent":0,"menu_order":0,"comment_status":"closed","ping_status":"closed","template":"","meta":{"footnotes":""},"class_list":["post-2272","page","type-page","status-publish","hentry"],"_links":{"self":[{"href":"https:\/\/vilutra.com.tr\/tr\/wp-json\/wp\/v2\/pages\/2272","targetHints":{"allow":["GET"]}}],"collection":[{"href":"https:\/\/vilutra.com.tr\/tr\/wp-json\/wp\/v2\/pages"}],"about":[{"href":"https:\/\/vilutra.com.tr\/tr\/wp-json\/wp\/v2\/types\/page"}],"author":[{"embeddable":true,"href":"https:\/\/vilutra.com.tr\/tr\/wp-json\/wp\/v2\/users\/1"}],"replies":[{"embeddable":true,"href":"https:\/\/vilutra.com.tr\/tr\/wp-json\/wp\/v2\/comments?post=2272"}],"version-history":[{"count":10,"href":"https:\/\/vilutra.com.tr\/tr\/wp-json\/wp\/v2\/pages\/2272\/revisions"}],"predecessor-version":[{"id":2457,"href":"https:\/\/vilutra.com.tr\/tr\/wp-json\/wp\/v2\/pages\/2272\/revisions\/2457"}],"wp:attachment":[{"href":"https:\/\/vilutra.com.tr\/tr\/wp-json\/wp\/v2\/media?parent=2272"}],"curies":[{"name":"wp","href":"https:\/\/api.w.org\/{rel}","templated":true}]}}