{"id":2267,"date":"2023-07-06T08:12:59","date_gmt":"2023-07-06T08:12:59","guid":{"rendered":"https:\/\/vilutra.com.tr\/?page_id=2267"},"modified":"2023-07-11T07:27:44","modified_gmt":"2023-07-11T07:27:44","slug":"kisisel-verilerin-isleme-politikasi","status":"publish","type":"page","link":"https:\/\/vilutra.com.tr\/tr\/kisisel-verilerin-isleme-politikasi\/","title":{"rendered":"Ki\u015fisel Verilerin \u0130\u015fleme Politikas\u0131"},"content":{"rendered":"\t\t<div data-elementor-type=\"wp-page\" data-elementor-id=\"2267\" class=\"elementor elementor-2267\" data-elementor-post-type=\"page\">\n\t\t\t\t\t\t<section class=\"elementor-section elementor-top-section elementor-element elementor-element-96cd626 elementor-section-boxed elementor-section-height-default elementor-section-height-default\" data-id=\"96cd626\" data-element_type=\"section\">\n\t\t\t\t\t\t<div class=\"elementor-container elementor-column-gap-default\">\n\t\t\t\t\t<div class=\"elementor-column elementor-col-100 elementor-top-column elementor-element elementor-element-03a4126\" data-id=\"03a4126\" data-element_type=\"column\">\n\t\t\t<div class=\"elementor-widget-wrap elementor-element-populated\">\n\t\t\t\t\t\t<section class=\"elementor-section elementor-inner-section elementor-element elementor-element-9ba4fe1 elementor-section-boxed elementor-section-height-default elementor-section-height-default\" data-id=\"9ba4fe1\" data-element_type=\"section\">\n\t\t\t\t\t\t<div class=\"elementor-container elementor-column-gap-default\">\n\t\t\t\t\t<div class=\"elementor-column elementor-col-100 elementor-inner-column elementor-element elementor-element-36368b5\" data-id=\"36368b5\" data-element_type=\"column\">\n\t\t\t<div class=\"elementor-widget-wrap elementor-element-populated\">\n\t\t\t\t\t\t<div class=\"elementor-element elementor-element-a059fc1 elementor-widget elementor-widget-heading\" data-id=\"a059fc1\" data-element_type=\"widget\" data-widget_type=\"heading.default\">\n\t\t\t\t<div class=\"elementor-widget-container\">\n\t\t\t\t\t<h2 class=\"elementor-heading-title elementor-size-default\">Ki\u015fisel Verilerin \u0130\u015fleme Politikas\u0131<\/h2>\t\t\t\t<\/div>\n\t\t\t\t<\/div>\n\t\t\t\t\t<\/div>\n\t\t<\/div>\n\t\t\t\t\t<\/div>\n\t\t<\/section>\n\t\t\t\t<div class=\"elementor-element elementor-element-3cdde15 elementor-widget elementor-widget-text-editor\" data-id=\"3cdde15\" data-element_type=\"widget\" data-widget_type=\"text-editor.default\">\n\t\t\t\t<div class=\"elementor-widget-container\">\n\t\t\t\t\t\t\t\t\t<p><strong>Ki\u015fisel Veri \u0130\u015fleme Politikas\u0131<\/strong><\/p><p>Say\u0131n M\u00fc\u015fterilerimiz, Potansiyel M\u00fc\u015fterilerimiz ve Web Sitesi Ziyaret\u00e7ilerimiz, (\u015e\u0130RKET ADI VE \u00dcNVANI YAZILMALI )<br \/>(\u201c\u015eirket\u201d) olarak ki\u015fisel verilerinizin korunmas\u0131na b\u00fcy\u00fck \u00f6nem veriyoruz. Bu kapsamda 6698 say\u0131l\u0131 Ki\u015fisel Verilerin<br \/>Korunmas\u0131 Kanunu (\u201cKVKK\u201d) uyar\u0131nca \u201cveri sorumlusu\u201d s\u0131fat\u0131yla ki\u015fisel verileriniz ve i\u015fleme s\u00fcre\u00e7leri hakk\u0131nda sizleri<br \/>bilgilendirmek isteriz.<\/p><p><strong>\u0130\u015flenen Ki\u015fisel Verileriniz Nelerdir<\/strong><\/p><p>Elektronik Ticaret S\u00f6zle\u015fmesinin Kurulmas\u0131 ile Beraber;<\/p><ul><li>Kimlik bilgileriniz (ad soyad, do\u011fum tarihi, TC Kimlik No)<\/li><li>\u0130leti\u015fim bilgileriniz (adres, e-posta adresi, telefon numaras\u0131)<\/li><li>Fatura talep etmeniz halinde bizimle payla\u015fman\u0131z halinde (TC Kimlik No, Vergi Kimlik No)<\/li><li>Kredi kart\u0131 ile \u00f6deme yapman\u0131z halinde \u00f6deme kurulu\u015funa g\u00f6nderilmek \u00fczere i\u015flenmesi<\/li><li>\u00d6deme y\u00f6ntemi olarak havale se\u00e7ilmesi halinde banka iban ve kulland\u0131\u011f\u0131n\u0131z bankaya ili\u015fkin bilgiler.<\/li><li>\u015eirketimiz taraf\u0131ndan verilen hizmetlerin kay\u0131tlar\u0131 (talep ve \u015fikayet y\u00f6netimi)<\/li><li>\u015eikayetlerinize ili\u015fkin al\u0131nan formla olu\u015fan kay\u0131tlar<\/li><li>Sa\u011flad\u0131\u011f\u0131m\u0131z elektronik ticaret sistemi \u00e7er\u00e7evesinde veri i\u015fleyen s\u0131fat\u0131 tutulmas\u0131 amac\u0131 Fabyon Otomasyon San.<br \/>Tic. Ltd. \u015eti. i\u015flenme ama\u00e7lar\u0131n\u0131 ve vas\u0131talar\u0131n\u0131 belirlemeden sadece depolama ve sistemin kullan\u0131lmas\u0131 ile<br \/>olu\u015fan m\u00fc\u015fterilerinize ait bilgiler,<\/li><\/ul><p>Elektronik Ticari \u0130leti\u015fim \u0130zni Vermeniz Durumunda;<\/p><ul><li>Kimlik bilgileriniz (ad, soyad)<\/li><li>\u0130leti\u015fim bilgileriniz (adres, e-posta adresi, telefon numaras\u0131)<\/li><li>Do\u011fum tarihi, adres, m\u00fc\u015fteri bilgileri, fatura i\u00e7erikleri, \u00f6deme y\u00f6ntemleri (nakit, kredi kart\u0131 vs.) eski ve<br \/>yeni cep\/ev\/i\u015f telefon\/faks numaralar\u0131, mail adresleri, tan\u0131mlama bilgileri (\u00e7erez, web taray\u0131c\u0131<br \/>i\u015faretleri-bilgisi, IP, beacon, kablolu-kablosuz a\u011f ba\u011flant\u0131 bilgisi vb),<\/li><\/ul><p><strong>Ki\u015fisel Verilerinizin \u0130\u015flenme Ama\u00e7lar\u0131<\/strong><\/p><p>Ki\u015fisel verileriniz, ki\u015fisel verilerin korunmas\u0131na ili\u015fkin mevzuata uygun olarak a\u015fa\u011f\u0131daki ama\u00e7lar ile i\u015flenebilecektir;<\/p><p>Genel Ama\u00e7lar:<\/p><ul><li>Bizimle ileti\u015fime ge\u00e7ti\u011finiz takdirde sorun ve \u015fikayetlerinizi \u00e7\u00f6z\u00fcmlemek ve gerekti\u011finde buna ili\u015fkin olarak<br \/>sizinle ileti\u015fime ge\u00e7ebilmek amac\u0131yla kimlik ve ileti\u015fim bilgilerinizi,<\/li><li>Mevzuattan kaynaklanan y\u00fck\u00fcml\u00fcl\u00fcklerimizi yerine getirmek, yetkili ve g\u00f6revli kamu kurum ve kurulu\u015flar\u0131 ile<br \/>bilgi g\u00fcvenli\u011fi ba\u015fta olmak \u00fczere di\u011fer hukuki y\u00fck\u00fcml\u00fcklerimizi yerine getirmek ama\u00e7lar\u0131yla kimlik, ileti\u015fim,<br \/>fatura, al\u0131\u015fveri\u015f bilgilerinizi,<\/li><li>S\u00f6zle\u015fmeden do\u011facak uyu\u015fmazl\u0131klarda mahkeme, icra dairesi, hakem heyeti gibi resmi kurum ve kurulu\u015flara kar\u015f\u0131<br \/>her t\u00fcrl\u00fc dava, cevap ve itiraz hakk\u0131n\u0131n kullan\u0131lmas\u0131 amac\u0131yla kimlik, ileti\u015fim, fatura, al\u0131\u015fveri\u015f<br \/>bilgilerinizi,<\/li><li>Size ili\u015fkin sistemimizde olu\u015fturdu\u011fumuz kay\u0131tlar\u0131n di\u011fer m\u00fc\u015fterilere ili\u015fkin kay\u0131tlardan ay\u0131rt edilebilmesi,<br \/>operasyonel s\u00fcre\u00e7lerden faydalanabilmenizi sa\u011flamak amac\u0131yla kimlik ve ileti\u015fim bilgilerinizi,<\/li><li>Fatura d\u00fczenlenmesini talep etmeniz halinde fatura d\u00fczenlenebilmesi amac\u0131yla kimlik ve fatura bilgilerinizi,<\/li><li>\u00d6demenizi kredi kart\u0131 ile yapmak istemeniz halinde \u00f6demenin al\u0131nabilmesi amac\u0131yla kredi kart\u0131 bilgileriniz,<br \/>(kredi kart\u0131 bilgileri kaydedilmeden \u00f6deme kurulu\u015funa aktar\u0131lmaktad\u0131r.)<\/li><li>Mevzuattan kaynaklanan saklama y\u00fck\u00fcml\u00fcl\u00fcklerimizi yerine getirmek amac\u0131yla kimlik, al\u0131\u015fveri\u015f ve fatura<br \/>bilgilerinizi,<\/li><\/ul><p>Elektronik Ticari \u0130leti\u015fim \u0130zni Vermeniz Halinde:<\/p><ul><li>Genel veya size \u00f6zel reklamlar\u0131n, bilgilendirmelerin, size y\u00f6nelik her t\u00fcrl\u00fc ticari ileti\u015fim faaliyetlerinde<br \/>bulunulabilmesi amac\u0131yla kimlik, ileti\u015fim ve pazarlamaya esas bilgilerinizi i\u015fliyoruz.<\/li><\/ul><p><strong>Ki\u015fisel Verilerinizin Toplanma Y\u00f6ntemi ve Hukuki Sebebi<\/strong><\/p><p>Ki\u015fisel verileriniz Vilutra Teknoloji A.\u015e. taraf\u0131ndan; talep ve \u015fikayetlerinize ili\u015fkin taleplerle teslimat,<br \/>i\u015flem, otomatik y\u00f6ntemlerle veya elektronik sistemler vas\u0131tas\u0131 ile al\u0131nan Elektronik Ticari \u0130leti\u015fim \u0130zniniz<br \/>\u00e7er\u00e7evesinde i\u015flenmektedir.<\/p><p>Vilutra Teknoloji A.\u015e. olarak ki\u015fisel verilerinizi; s\u00f6zle\u015fmenin kurulmas\u0131 ve ifas\u0131 i\u00e7in veri i\u015flemenin<br \/>gerekli olmas\u0131, \u201chukuki y\u00fck\u00fcml\u00fcl\u00fc\u011f\u00fcn yerine getirilmesi\u201d ile \u201cveri sorumlusunun me\u015fru menfaatleri i\u00e7in veri i\u015flenmesinin<br \/>zorunlu olmas\u0131 hukuki sebeplerine; mevzuattan kaynaklanan saklama y\u00fck\u00fcml\u00fcl\u00fcklerimize ili\u015fkin \u201chukuki y\u00fck\u00fcml\u00fcl\u00fc\u011f\u00fcn yerine<br \/>getirilmesi\u201d hukuki sebebine; \u201cs\u00f6zle\u015fmenin kurulmas\u0131 ve ifas\u0131 i\u00e7in veri i\u015flemenin gerekli olmas\u0131\u201d talep ve<br \/>\u015fikayetlerinizin takibi a\u00e7\u0131s\u0131nda \u201chakk\u0131n kullan\u0131lmas\u0131 i\u00e7in veri i\u015flemenin zorunlu olmas\u0131\u201d sebebine dayanarak, ki\u015fisel<br \/>verileriniz Elektronik Ticari \u0130leti\u015fim \u0130zni vermeniz durumunda ve verilerinizin i\u015f ortaklar\u0131 ile size yeni hizmetler<br \/>sunulmas\u0131 amac\u0131 ile a\u00e7\u0131k r\u0131za hukuki sebeplerine dayanarak topluyoruz.<\/p><p>S\u00f6zle\u015fme yap\u0131lan ve i\u015f ili\u015fkisi olan t\u00fcm m\u00fc\u015fterilerimizin verdikleri veriler, m\u00fc\u015fterilerimizin r\u0131zalar\u0131 ve mevzuat<br \/>h\u00fck\u00fcmleri uyar\u0131nca Vilutra Teknoloji A.\u015e. taraf\u0131ndan i\u015flenmektedir.<\/p><p><strong>Ki\u015fisel Verilerinizin Aktar\u0131lmas\u0131<\/strong><\/p><p>Vilutra Teknoloji A.\u015e. olarak ki\u015fisel verilerinizi;<\/p><ul><li>Bili\u015fim teknolojileri, pazarlama faaliyetleri, ya da uzmanl\u0131k gerektiren dan\u0131\u015fmanl\u0131k vb. hizmetlerini almak,<br \/>ki\u015fisel veri toplama s\u00fcre\u00e7lerinde \u00fcr\u00fcn ve hizmet deste\u011fi almak gibi ama\u00e7larla Vilutra Teknoloji A.\u015e.<br \/>yurti\u00e7i ve yurtd\u0131\u015f\u0131nda bulunan i\u015f ortaklar\u0131 ve hizmet sa\u011flay\u0131c\u0131lar\u0131yla (\u00e7a\u011fr\u0131 merkezi, cihazlar arac\u0131l\u0131\u011f\u0131yla<br \/>ki\u015fisel veri toplama hizmeti, pazarlama dan\u0131\u015fmanl\u0131\u011f\u0131, veri taban\u0131, elektronik ileti arac\u0131 hizmet sa\u011flay\u0131c\u0131lar\u0131,<br \/>dan\u0131\u015fmanl\u0131k, vb. hizmeti veren firmalar\u0131 ile) veya yurti\u00e7indeki i\u015f ortaklar\u0131m\u0131z\u0131n sunucular\u0131n\u0131n yurtd\u0131\u015f\u0131nda<br \/>olmas\u0131 halinde yurtd\u0131\u015f\u0131 ile,<\/li><li>Taleplerinizin \u00e7\u00f6z\u00fcm\u00fc amac\u0131 ile bayilerimiz ve i\u015f ortaklar\u0131m\u0131zla,<\/li><li>Hizmetine sunulan ve hizmet almak istedi\u011finiz i\u015f ortaklar\u0131m\u0131za verdi\u011finiz izin kapsam\u0131nda,<\/li><li>Yetkili ve g\u00f6revli kamu kurum ve kurulu\u015flar\u0131 ile adli makamlara kar\u015f\u0131 olan bilgi, belge verme ve ilgili sair<br \/>y\u00fck\u00fcml\u00fcl\u00fcklerimizi yerine getirmek ve dava ve cevap haklar\u0131 gibi yasal haklar\u0131m\u0131z\u0131 kullanabilmek amac\u0131yla bizden<br \/>istenen bilgileri an\u0131lan bu kurum, kurulu\u015f ve makamlara,<\/li><li>\u00d6demenizi kredi kart\u0131 ile yapman\u0131z halinde kredi kart\u0131 bilgilerinizi, Vilutra Teknoloji A.\u015e.<br \/>taraf\u0131ndan kaydedilmeksizin ilgili banka, elektronik \u00f6deme kurulu\u015fu vb. hizmeti sa\u011flayan \u00fc\u00e7\u00fcnc\u00fc ki\u015filere<\/li><\/ul><p>payla\u015fmaktay\u0131z.<\/p><p>Haklar\u0131n\u0131z<\/p><p>Kanun\u2019un 11. maddesi gere\u011fince; bu politikan\u0131n \u201cileti\u015fim\u201d b\u00f6l\u00fcm\u00fcnde yer alan y\u00f6ntemlerle Fabyon Otomasyon San. Tic.<br \/>Ltd.\u015eti,<\/p><ul><li>Ki\u015fisel verilerinizin i\u015flenip i\u015flenmedi\u011fini \u00f6\u011frenme,<\/li><li>Ki\u015fisel verileriniz i\u015flenmi\u015fse buna ili\u015fkin bilgi talep etme,<\/li><li>Ki\u015fisel verilerin i\u015flenme amac\u0131n\u0131 ve bunlar\u0131n amac\u0131na uygun kullan\u0131l\u0131p kullan\u0131lmad\u0131\u011f\u0131n\u0131 \u00f6\u011frenme,<\/li><li>Yurti\u00e7inde veya yurtd\u0131\u015f\u0131nda ki\u015fisel verilerinizin aktar\u0131ld\u0131\u011f\u0131 \u00fc\u00e7\u00fcnc\u00fc ki\u015fileri bilme,<\/li><li>Ki\u015fisel verilerinizin eksik veya yanl\u0131\u015f i\u015flenmi\u015f olmas\u0131 halinde bunlar\u0131n d\u00fczeltilmesini isteme,<\/li><li>KVKK mevzuat\u0131nda \u00f6ng\u00f6r\u00fclen \u015fartlar \u00e7er\u00e7evesinde ki\u015fisel verilerinizin silinmesini veya yok edilmesini isteme,<\/li><li>Ki\u015fisel verilerinizin aktar\u0131ld\u0131\u011f\u0131 \u00fc\u00e7\u00fcnc\u00fc ki\u015filere bildirilmesini isteme,<\/li><li>\u0130\u015flenen verilerin m\u00fcnhas\u0131ran otomatik sistemler vas\u0131tas\u0131yla analiz edilmesi suretiyle aleyhinize bir sonucun<br \/>ortaya \u00e7\u0131kmas\u0131na itiraz etme,<\/li><li>Ki\u015fisel verilerin kanuna ayk\u0131r\u0131 olarak i\u015flenmesi sebebiyle zarara u\u011framan\u0131z halinde bu zarar\u0131n giderilmesini<br \/>talep etme<\/li><\/ul><p>haklar\u0131na sahipsiniz.<\/p><p><strong>\u0130leti\u015fim<\/strong><\/p><p>Ba\u015fvurular\u0131n\u0131z\u0131 Veri Sorumlusu olarak Vilutra Teknoloji A.\u015e. s\u00f6z konusu ba\u015fvuru prosed\u00fcr\u00fc i\u00e7in tahsis<br \/>edilmi\u015f olan\u00a0MA\u0130L ADRES\u0130 YAZACAK\u00a0e-posta adresine, sistem \u00fczerindeki kay\u0131tl\u0131 e-postan\u0131zdan ula\u015fabilirsiniz. Veya Fabyon<br \/>Otomasyon San. Tic. Ltd.\u015eti a\u015fa\u011f\u0131da belirtilen adresine yaz\u0131l\u0131 olarak iletebilirsiniz (\u0130lgili talebin yasalar gere\u011fi<br \/>belirli bir prosed\u00fcrde yap\u0131lmas\u0131 gereken hallerde s\u00f6z konusu prosed\u00fcre uyulmas\u0131 gerekti\u011fini hat\u0131rlatmak isteriz.)<\/p><p>\u015eirket \u00dcnvan\u0131: Vilutra Teknoloji A.\u015e.<\/p><p>Adres:<\/p><p>Vergi Dairesi Ve Vergi No:<\/p><p>Telefon:<\/p><p>Ticaret Sicil No:<\/p><p>Mersis No:<\/p>\t\t\t\t\t\t\t\t<\/div>\n\t\t\t\t<\/div>\n\t\t\t\t\t<\/div>\n\t\t<\/div>\n\t\t\t\t\t<\/div>\n\t\t<\/section>\n\t\t\t\t<\/div>\n\t\t","protected":false},"excerpt":{"rendered":"<p>Ki\u015fisel Veri \u0130\u015fleme Politikas\u0131 Say\u0131n M\u00fc\u015fterilerimiz, Potansiyel M\u00fc\u015fterilerimiz ve Web Sitesi Ziyaret\u00e7ilerimiz, (\u015e\u0130RKET ADI VE \u00dcNVANI YAZILMALI )(\u201c\u015eirket\u201d) olarak ki\u015fisel verilerinizin korunmas\u0131na b\u00fcy\u00fck \u00f6nem veriyoruz. Bu kapsamda 6698 say\u0131l\u0131 Ki\u015fisel VerilerinKorunmas\u0131 Kanunu (\u201cKVKK\u201d) uyar\u0131nca \u201cveri sorumlusu\u201d s\u0131fat\u0131yla ki\u015fisel verileriniz ve i\u015fleme s\u00fcre\u00e7leri hakk\u0131nda sizleribilgilendirmek isteriz. \u0130\u015flenen Ki\u015fisel Verileriniz Nelerdir Elektronik Ticaret S\u00f6zle\u015fmesinin Kurulmas\u0131 ile Beraber; [&hellip;]<\/p>\n","protected":false},"author":1,"featured_media":0,"parent":0,"menu_order":0,"comment_status":"closed","ping_status":"closed","template":"","meta":{"footnotes":""},"class_list":["post-2267","page","type-page","status-publish","hentry"],"_links":{"self":[{"href":"https:\/\/vilutra.com.tr\/tr\/wp-json\/wp\/v2\/pages\/2267","targetHints":{"allow":["GET"]}}],"collection":[{"href":"https:\/\/vilutra.com.tr\/tr\/wp-json\/wp\/v2\/pages"}],"about":[{"href":"https:\/\/vilutra.com.tr\/tr\/wp-json\/wp\/v2\/types\/page"}],"author":[{"embeddable":true,"href":"https:\/\/vilutra.com.tr\/tr\/wp-json\/wp\/v2\/users\/1"}],"replies":[{"embeddable":true,"href":"https:\/\/vilutra.com.tr\/tr\/wp-json\/wp\/v2\/comments?post=2267"}],"version-history":[{"count":10,"href":"https:\/\/vilutra.com.tr\/tr\/wp-json\/wp\/v2\/pages\/2267\/revisions"}],"predecessor-version":[{"id":2451,"href":"https:\/\/vilutra.com.tr\/tr\/wp-json\/wp\/v2\/pages\/2267\/revisions\/2451"}],"wp:attachment":[{"href":"https:\/\/vilutra.com.tr\/tr\/wp-json\/wp\/v2\/media?parent=2267"}],"curies":[{"name":"wp","href":"https:\/\/api.w.org\/{rel}","templated":true}]}}