{"id":2257,"date":"2023-07-06T08:05:50","date_gmt":"2023-07-06T08:05:50","guid":{"rendered":"https:\/\/vilutra.com.tr\/?page_id=2257"},"modified":"2023-07-11T07:26:33","modified_gmt":"2023-07-11T07:26:33","slug":"isg-politikasi","status":"publish","type":"page","link":"https:\/\/vilutra.com.tr\/tr\/isg-politikasi\/","title":{"rendered":"\u0130SG Politikas\u0131"},"content":{"rendered":"\t\t<div data-elementor-type=\"wp-page\" data-elementor-id=\"2257\" class=\"elementor elementor-2257\" data-elementor-post-type=\"page\">\n\t\t\t\t\t\t<section class=\"elementor-section elementor-top-section elementor-element elementor-element-96cd626 elementor-section-boxed elementor-section-height-default elementor-section-height-default\" data-id=\"96cd626\" data-element_type=\"section\">\n\t\t\t\t\t\t<div class=\"elementor-container elementor-column-gap-default\">\n\t\t\t\t\t<div class=\"elementor-column elementor-col-100 elementor-top-column elementor-element elementor-element-03a4126\" data-id=\"03a4126\" data-element_type=\"column\">\n\t\t\t<div class=\"elementor-widget-wrap elementor-element-populated\">\n\t\t\t\t\t\t<section class=\"elementor-section elementor-inner-section elementor-element elementor-element-9ba4fe1 elementor-section-boxed elementor-section-height-default elementor-section-height-default\" data-id=\"9ba4fe1\" data-element_type=\"section\">\n\t\t\t\t\t\t<div class=\"elementor-container elementor-column-gap-default\">\n\t\t\t\t\t<div class=\"elementor-column elementor-col-100 elementor-inner-column elementor-element elementor-element-36368b5\" data-id=\"36368b5\" data-element_type=\"column\">\n\t\t\t<div class=\"elementor-widget-wrap elementor-element-populated\">\n\t\t\t\t\t\t<div class=\"elementor-element elementor-element-a059fc1 elementor-widget elementor-widget-heading\" data-id=\"a059fc1\" data-element_type=\"widget\" data-widget_type=\"heading.default\">\n\t\t\t\t<div class=\"elementor-widget-container\">\n\t\t\t\t\t<h2 class=\"elementor-heading-title elementor-size-default\">\u0130SG Politikas\u0131<\/h2>\t\t\t\t<\/div>\n\t\t\t\t<\/div>\n\t\t\t\t\t<\/div>\n\t\t<\/div>\n\t\t\t\t\t<\/div>\n\t\t<\/section>\n\t\t\t\t<div class=\"elementor-element elementor-element-3cdde15 elementor-widget elementor-widget-text-editor\" data-id=\"3cdde15\" data-element_type=\"widget\" data-widget_type=\"text-editor.default\">\n\t\t\t\t<div class=\"elementor-widget-container\">\n\t\t\t\t\t\t\t\t\t<p style=\"text-align: left;\"><strong>\u00c7EVRE, \u0130\u015e SA\u011eLI\u011eI VE G\u00dcVENL\u0130\u011e\u0130 POL\u0130T\u0130KASI<\/strong><\/p><p style=\"text-align: left;\"><strong>V\u0130LUTRA TEKNOLOJ\u0130 A.\u015e.<\/strong>\u00a0i\u00e7erisinde \u00e7al\u0131\u015fanlar, y\u00fckleniciler ve ziyaret\u00e7ilerin dikkat etmeleri gereken g\u00f6revleri vard\u0131r; g\u00fcvenli \u00e7al\u0131\u015fma sorumlulu\u011funu ta\u015f\u0131mak, kendi sa\u011fl\u0131k ve g\u00fcvenlikleri i\u00e7in t\u00fcm makul \u00f6nlemleri almak ve davran\u0131\u015flar\u0131 sonucu etkilenebilecek di\u011fer t\u00fcm insanlar\u0131n sa\u011fl\u0131k ve g\u00fcvenli\u011fini g\u00f6z \u00f6n\u00fcnde bulundurmak.<\/p><p style=\"text-align: left;\"><strong>V\u0130LUTRA TEKNOLOJ\u0130 A.\u015e.<\/strong> ilgili t\u00fcm faaliyetlerde ihtiya\u00e7 oldu\u011fu zaman i\u015fletmede \u00e7al\u0131\u015fanlardan ve\/veya d\u0131\u015far\u0131dan hizmet al\u0131m\u0131yla uygun uzmanlardan yararlanarak i\u015f g\u00fcvenli\u011fi ko\u015fullar\u0131n\u0131 iyile\u015ftirmek i\u00e7in t\u00fcm makul ve uygulanabilir ad\u0131mlar\u0131 atacakt\u0131r. <strong>V\u0130LUTRA TEKNOLOJ\u0130 A.\u015e.<\/strong>\u00a0\u015fu taahh\u00fctlerde bulunmaktad\u0131r:<\/p><ul style=\"text-align: left;\"><li>T\u00fcm \u00e7al\u0131\u015fanlar\u0131n, y\u00fcklenicilerin ve ziyaret\u00e7ilerin \u0130SG\u00c7\u2019 ni iyile\u015ftirmek i\u00e7in al\u0131nacak \u00f6nlemlerin geli\u015ftirilmesi ve desteklenmesi kapsam\u0131nda etkin kat\u0131l\u0131m\u0131n\u0131 te\u015fvik ederek bir i\u015f g\u00fcvenli\u011fi k\u00fclt\u00fcr\u00fc olu\u015fturmak<\/li><li>Organizasyon i\u00e7inde etkili \u0130SG\u00c7 uygulamalar\u0131n\u0131 desteklemek ve herkese ula\u015ft\u0131rmak i\u00e7in ilgili politikalar, prosed\u00fcrler, sistemler, bilgilendirme, e\u011fitim, tan\u0131t\u0131m programlar\u0131 ve organizasyonel yap\u0131lanmalar olu\u015fturmak ve s\u00fcrd\u00fcrmek<\/li><li>Y\u00fcr\u00fcrl\u00fckteki t\u00fcm \u0130SG\u00c7 ile ilgili mevzuat, d\u00fczenlemeler ve standartlar\u0131yla uyumlu olmak<\/li><li>Organizasyon kapsam\u0131ndaki risklerle ilgili ve bunlara uygun risk ve tehlike y\u00f6netim sistemleri uygulamak<\/li><li>Kontroll\u00fc \u00e7al\u0131\u015fma i\u00e7in g\u00fcvenli \u00e7al\u0131\u015fma alan\u0131 ve donan\u0131m sa\u011flamak<\/li><li>T\u00fcm ilgili personel i\u00e7in uygun \u0130SG e\u011fitimi sa\u011flamak<\/li><li>\u0130\u015fyerindeki sa\u011fl\u0131k ve g\u00fcvenli\u011fi geli\u015ftirmek i\u00e7in y\u0131ll\u0131k bir \u0130SG program\u0131 olu\u015fturmak<\/li><li>\u0130SG performans\u0131n\u0131 s\u00fcrekli olarak iyile\u015ftirmek i\u00e7in yeterli kaynak ay\u0131rmak<\/li><li>\u00c7al\u0131\u015fanlar i\u00e7in d\u00fczenli olarak sa\u011fl\u0131k g\u00f6zetimi sa\u011flamak<\/li><li>T\u00fcm olaylara aktif olarak m\u00fcdahale etmek, bunlar\u0131 soru\u015fturmak ve yaralanan \u00e7al\u0131\u015fanlar\u0131n uygun i\u015flere, hak taleplerinin adil y\u00f6netimi ve rehabilitasyon uygulamalar\u0131 yoluyla ilk f\u0131rsatta geri d\u00f6nmesini sa\u011flamak<\/li><li>Yeni yat\u0131r\u0131mlar\u0131 planlarken veya mevcut yat\u0131r\u0131mlarda yap\u0131lacak de\u011fi\u015fiklikler ile ilgili \u00e7evre ve \u0130SG risklerini y\u00f6netmek.<\/li><li>\u00c7evre, \u0130SG performans\u0131n\u0131 etkileyen s\u00fcre\u00e7lerimizde \u00e7al\u0131\u015fanlar\u0131m\u0131za dan\u0131\u015f\u0131p, kat\u0131l\u0131mlar\u0131n\u0131 sa\u011flamak.<\/li><li>Enerji ve do\u011fal kaynaklar\u0131n verimli kullan\u0131lmas\u0131n\u0131 sa\u011flamak, \u00f6zendirip desteklemek.<\/li><\/ul><p style=\"text-align: left;\">\u00a0 \u00a0 \u00a0 \u00a0 \u00a0 \u00a0 \u00a0 \u00a0 Al\u0131nan ilkeler do\u011frultusunda hedeflerimizi belirlerken ya\u015fam d\u00f6ng\u00fcs\u00fc bak\u0131\u015f a\u00e7\u0131s\u0131 ile uyumlu olarak, kendi faaliyetlerimiz ile beraber, \u00c7evre ve \u0130SG performans\u0131m\u0131z\u0131 etki,leyen i\u00e7 ve d\u0131\u015f konular\u0131m\u0131z\u0131n, uygunluk y\u00fck\u00fcml\u00fcl\u00fcklerimizin ve \u00f6nemli \u00c7evre ve \u0130SG boyutlar\u0131m\u0131z\u0131n risk ve f\u0131rsatlar\u0131n\u0131 d\u00fczenli olarak de\u011ferlendiriyoruz.<\/p><p style=\"text-align: left;\">\u00c7evre, \u0130\u015f sa\u011fl\u0131\u011f\u0131 ve G\u00fcvenli\u011fi konular\u0131nda, s\u00fcrekli ve kal\u0131c\u0131 geli\u015fmeyi sa\u011flamay\u0131 t\u00fcm V\u0130LUTRA TEKNOLOJ\u0130 A.\u015e. \u00e7al\u0131\u015fanlar\u0131n\u0131n sorumlulu\u011fu olarak g\u00f6r\u00fcyor, bu konulardaki faaliyetlerimizin kamuoyu bilgisine a\u00e7\u0131k beyan ediyoruz.<\/p><p style=\"text-align: right;\" align=\"center\">\u0130\u015eVEREN \/ VEK\u0130L\u0130<\/p>\t\t\t\t\t\t\t\t<\/div>\n\t\t\t\t<\/div>\n\t\t\t\t\t<\/div>\n\t\t<\/div>\n\t\t\t\t\t<\/div>\n\t\t<\/section>\n\t\t\t\t<\/div>\n\t\t","protected":false},"excerpt":{"rendered":"<p>\u00c7EVRE, \u0130\u015e SA\u011eLI\u011eI VE G\u00dcVENL\u0130\u011e\u0130 POL\u0130T\u0130KASI V\u0130LUTRA TEKNOLOJ\u0130 A.\u015e.\u00a0i\u00e7erisinde \u00e7al\u0131\u015fanlar, y\u00fckleniciler ve ziyaret\u00e7ilerin dikkat etmeleri gereken g\u00f6revleri vard\u0131r; g\u00fcvenli \u00e7al\u0131\u015fma sorumlulu\u011funu ta\u015f\u0131mak, kendi sa\u011fl\u0131k ve g\u00fcvenlikleri i\u00e7in t\u00fcm makul \u00f6nlemleri almak ve davran\u0131\u015flar\u0131 sonucu etkilenebilecek di\u011fer t\u00fcm insanlar\u0131n sa\u011fl\u0131k ve g\u00fcvenli\u011fini g\u00f6z \u00f6n\u00fcnde bulundurmak. V\u0130LUTRA TEKNOLOJ\u0130 A.\u015e. ilgili t\u00fcm faaliyetlerde ihtiya\u00e7 oldu\u011fu zaman i\u015fletmede \u00e7al\u0131\u015fanlardan [&hellip;]<\/p>\n","protected":false},"author":1,"featured_media":0,"parent":0,"menu_order":0,"comment_status":"closed","ping_status":"closed","template":"","meta":{"footnotes":""},"class_list":["post-2257","page","type-page","status-publish","hentry"],"_links":{"self":[{"href":"https:\/\/vilutra.com.tr\/tr\/wp-json\/wp\/v2\/pages\/2257","targetHints":{"allow":["GET"]}}],"collection":[{"href":"https:\/\/vilutra.com.tr\/tr\/wp-json\/wp\/v2\/pages"}],"about":[{"href":"https:\/\/vilutra.com.tr\/tr\/wp-json\/wp\/v2\/types\/page"}],"author":[{"embeddable":true,"href":"https:\/\/vilutra.com.tr\/tr\/wp-json\/wp\/v2\/users\/1"}],"replies":[{"embeddable":true,"href":"https:\/\/vilutra.com.tr\/tr\/wp-json\/wp\/v2\/comments?post=2257"}],"version-history":[{"count":7,"href":"https:\/\/vilutra.com.tr\/tr\/wp-json\/wp\/v2\/pages\/2257\/revisions"}],"predecessor-version":[{"id":2445,"href":"https:\/\/vilutra.com.tr\/tr\/wp-json\/wp\/v2\/pages\/2257\/revisions\/2445"}],"wp:attachment":[{"href":"https:\/\/vilutra.com.tr\/tr\/wp-json\/wp\/v2\/media?parent=2257"}],"curies":[{"name":"wp","href":"https:\/\/api.w.org\/{rel}","templated":true}]}}