{"id":2184,"date":"2023-07-05T08:41:57","date_gmt":"2023-07-05T08:41:57","guid":{"rendered":"https:\/\/vilutra.com.tr\/company\/"},"modified":"2023-07-06T13:30:56","modified_gmt":"2023-07-06T13:30:56","slug":"hakkimizda","status":"publish","type":"page","link":"https:\/\/vilutra.com.tr\/tr\/hakkimizda\/","title":{"rendered":"Hakk\u0131m\u0131zda"},"content":{"rendered":"\t\t<div data-elementor-type=\"wp-page\" data-elementor-id=\"2184\" class=\"elementor elementor-2184 elementor-2179\" data-elementor-post-type=\"page\">\n\t\t\t\t\t\t<section class=\"elementor-section elementor-top-section elementor-element elementor-element-33a071b elementor-section-boxed elementor-section-height-default elementor-section-height-default\" data-id=\"33a071b\" data-element_type=\"section\">\n\t\t\t\t\t\t<div class=\"elementor-container elementor-column-gap-default\">\n\t\t\t\t\t<div class=\"elementor-column elementor-col-100 elementor-top-column elementor-element elementor-element-481d5d8\" data-id=\"481d5d8\" data-element_type=\"column\">\n\t\t\t<div class=\"elementor-widget-wrap elementor-element-populated\">\n\t\t\t\t\t\t<section class=\"elementor-section elementor-inner-section elementor-element elementor-element-3606ec7 elementor-section-boxed elementor-section-height-default elementor-section-height-default\" data-id=\"3606ec7\" data-element_type=\"section\">\n\t\t\t\t\t\t<div class=\"elementor-container elementor-column-gap-default\">\n\t\t\t\t\t<div class=\"elementor-column elementor-col-100 elementor-inner-column elementor-element elementor-element-f1a5852\" data-id=\"f1a5852\" data-element_type=\"column\">\n\t\t\t<div class=\"elementor-widget-wrap elementor-element-populated\">\n\t\t\t\t\t\t<div class=\"elementor-element elementor-element-4d40624 elementor-widget elementor-widget-heading\" data-id=\"4d40624\" data-element_type=\"widget\" data-widget_type=\"heading.default\">\n\t\t\t\t<div class=\"elementor-widget-container\">\n\t\t\t\t\t<h2 class=\"elementor-heading-title elementor-size-default\">Hakk\u0131m\u0131zda<\/h2>\t\t\t\t<\/div>\n\t\t\t\t<\/div>\n\t\t\t\t\t<\/div>\n\t\t<\/div>\n\t\t\t\t\t<\/div>\n\t\t<\/section>\n\t\t\t\t<div class=\"elementor-element elementor-element-ab29cda elementor-widget elementor-widget-text-editor\" data-id=\"ab29cda\" data-element_type=\"widget\" data-widget_type=\"text-editor.default\">\n\t\t\t\t<div class=\"elementor-widget-container\">\n\t\t\t\t\t\t\t\t\t<p>End\u00fcstriyel geli\u015fim ve teknolojik altyap\u0131ya sahip olan firmam\u0131z, s\u00fcnger \u00fcretimi konusunda uzmanla\u015fm\u0131\u015ft\u0131r. Yeni nesil sanayi \u00e7\u00f6z\u00fcmleri ile m\u00fc\u015fterilerimize en kaliteli \u00fcr\u00fcnleri sunmay\u0131 hedefliyoruz. End\u00fcstri 4.0 kapsam\u0131nda otomatik sistemlerin ve veri al\u0131\u015fveri\u015fi teknolojisinin y\u00fckseli\u015fi ile birlikte, teknolojik altyap\u0131m\u0131z\u0131 s\u00fcrekli olarak g\u00fcncelliyoruz.<\/p><p>Kalite kontrol s\u00fcrecimizde kulland\u0131\u011f\u0131m\u0131z son teknoloji cihazlar sayesinde m\u00fc\u015fterilerimize en kaliteli \u00fcr\u00fcnleri sunuyoruz. S\u00fcrekli olarak kendimizi yenileyerek ve geli\u015ftirerek m\u00fc\u015fterilerimize en iyi hizmeti sunmay\u0131 hedefliyoruz.<\/p>\t\t\t\t\t\t\t\t<\/div>\n\t\t\t\t<\/div>\n\t\t\t\t\t<\/div>\n\t\t<\/div>\n\t\t\t\t\t<\/div>\n\t\t<\/section>\n\t\t\t\t<\/div>\n\t\t","protected":false},"excerpt":{"rendered":"<p>Hakk\u0131m\u0131zda End\u00fcstriyel geli\u015fim ve teknolojik altyap\u0131ya sahip olan firmam\u0131z, s\u00fcnger \u00fcretimi konusunda uzmanla\u015fm\u0131\u015ft\u0131r. Yeni nesil sanayi \u00e7\u00f6z\u00fcmleri ile m\u00fc\u015fterilerimize en kaliteli \u00fcr\u00fcnleri sunmay\u0131 hedefliyoruz. End\u00fcstri 4.0 kapsam\u0131nda otomatik sistemlerin ve veri al\u0131\u015fveri\u015fi teknolojisinin y\u00fckseli\u015fi ile birlikte, teknolojik altyap\u0131m\u0131z\u0131 s\u00fcrekli olarak g\u00fcncelliyoruz. Kalite kontrol s\u00fcrecimizde kulland\u0131\u011f\u0131m\u0131z son teknoloji cihazlar sayesinde m\u00fc\u015fterilerimize en kaliteli \u00fcr\u00fcnleri sunuyoruz. S\u00fcrekli [&hellip;]<\/p>\n","protected":false},"author":1,"featured_media":0,"parent":0,"menu_order":0,"comment_status":"closed","ping_status":"closed","template":"","meta":{"footnotes":""},"class_list":["post-2184","page","type-page","status-publish","hentry"],"_links":{"self":[{"href":"https:\/\/vilutra.com.tr\/tr\/wp-json\/wp\/v2\/pages\/2184","targetHints":{"allow":["GET"]}}],"collection":[{"href":"https:\/\/vilutra.com.tr\/tr\/wp-json\/wp\/v2\/pages"}],"about":[{"href":"https:\/\/vilutra.com.tr\/tr\/wp-json\/wp\/v2\/types\/page"}],"author":[{"embeddable":true,"href":"https:\/\/vilutra.com.tr\/tr\/wp-json\/wp\/v2\/users\/1"}],"replies":[{"embeddable":true,"href":"https:\/\/vilutra.com.tr\/tr\/wp-json\/wp\/v2\/comments?post=2184"}],"version-history":[{"count":8,"href":"https:\/\/vilutra.com.tr\/tr\/wp-json\/wp\/v2\/pages\/2184\/revisions"}],"predecessor-version":[{"id":2380,"href":"https:\/\/vilutra.com.tr\/tr\/wp-json\/wp\/v2\/pages\/2184\/revisions\/2380"}],"wp:attachment":[{"href":"https:\/\/vilutra.com.tr\/tr\/wp-json\/wp\/v2\/media?parent=2184"}],"curies":[{"name":"wp","href":"https:\/\/api.w.org\/{rel}","templated":true}]}}